{"id":220,"date":"2018-05-17T10:00:05","date_gmt":"2018-05-17T10:00:05","guid":{"rendered":"http:\/\/www.staufeldt.dk\/cookie-politik\/"},"modified":"2020-03-20T08:28:24","modified_gmt":"2020-03-20T08:28:24","slug":"cookie-politik","status":"publish","type":"page","link":"https:\/\/staufeldt.dk\/en\/cookie-politik\/","title":{"rendered":"Cookie politik"},"content":{"rendered":"<p><\/p>\n<h1>Ejeroplysninger<\/h1>\n<p>Dette website udbydes af:<\/p>\n<p>Staufeldt APS<\/p>\n<p>Slotsvej 26<\/p>\n<p>2920 Charlottenlund<\/p>\n<p>Telefon: 26 12 65 91<\/p>\n<p>Email: info@staufeldt.dk<\/p>\n<h3>Cookies<\/h3>\n<p>En cookie er en tekstfil, som l\u00e6gges p\u00e5 din computer eller andet IT udstyr. Den g\u00f8r det muligt at genkende din computer og samle information om, hvilke sider og funktioner, der bes\u00f8ges med din computer. Cookies indeholder oplysninger i anonymiseret form.<\/p>\n<p>Cookies anvendes af stort set alle websites og er i mange tilf\u00e6lde en foruds\u00e6tning for at websitet kan fungere.<\/p>\n<p><em><strong>Form\u00e5l<\/strong><\/em><\/p>\n<p>Vi bruger cookie-oplysninger i forbindelse med de l\u00f8sninger, vi udbyder. Desuden bruger vi cookies til udarbejdelse af statistik, der bl.a. kan anvendes til at forbedre vores websites og tilpasse oplevelsen til dine behov. Vi bruger ogs\u00e5 enkelte cookies til vores markedsf\u00f8ring.<\/p>\n<p>Cookies kan ikke bruges til at identificere dig som person, men vi kan bruge oplysningerne om, hvilke sider p\u00e5\u00a0www.staufeldt.dk der er bes\u00f8gt fra din computer. Vi bruger naturligvis kun oplysningerne i henhold til g\u00e6ldende lovgivning.<\/p>\n<p><em><strong>S\u00e5 lang tid opbevares cookies<\/strong><\/em><\/p>\n<p>De cookies, der er sendt til dig, vil blive gemt i browseren i h\u00f8jst 24 m\u00e5neder fra sidste gang du var inde p\u00e5 vores hjemmeside. Hver gang du genbes\u00f8ger et af vores websites, forl\u00e6nges perioden. De p\u00e5g\u00e6ldende cookies opbevares derfor i 24 m\u00e5neder fra dit seneste bes\u00f8g p\u00e5 et af vores websites.<\/p>\n<p><em><strong>S\u00e5dan sletter du cookies<\/strong><\/em><\/p>\n<p>Se vejledning her:\u00a0<a title=\"https:\/\/minecookies.org\/cookiehandtering\" href=\"https:\/\/minecookies.org\/cookiehandtering\">https:\/\/minecookies.org\/cookiehandtering<\/a><\/p>\n<p><em><strong>S\u00e5dan undg\u00e5r jeg cookies?<\/strong><\/em><\/p>\n<p>Hvis du ikke \u00f8nsker at modtage cookies kan du blokere dem. Se vejledning her:\u00a0<a title=\"https:\/\/minecookies.org\/cookiehandtering\" href=\"https:\/\/minecookies.org\/cookiehandtering\">https:\/\/minecookies.org\/cookiehandtering.<\/a><\/p>\n<p><em><strong>Hvad cookies bruges til p\u00e5 vores website?<\/strong><\/em><\/p>\n<p>Cookies anvendes til at f\u00f8re statistik over hvor antallet af brugere samt oplysninger om k\u00f8n, alder, geografi og interesser p\u00e5 vores brugere for at tilpasse indhold og annoncering herefter.<\/p>\n<p>Sitet anvender cookies fra en f\u00f8lgende tredjeparter, der har adgang til de p\u00e5g\u00e6ldende cookies:<\/p>\n<p><em><strong>Google Analytics (trafikm\u00e5ling)<\/strong><\/em><\/p>\n<p>Websitet bruger cookies fra Google Analytics til at m\u00e5le trafikken p\u00e5 websitet.<\/p>\n<p>Du kan frav\u00e6lge cookies fra Google Analytics her:\u00a0<a title=\"https:\/\/tools.google.com\/dlpage\/gaoptout\" href=\"https:\/\/tools.google.com\/dlpage\/gaoptout\">https:\/\/tools.google.com\/dlpage\/gaoptout<\/a><\/p>\n<p><strong>Links til eksterne websteder<\/strong><br \/>\nP\u00e5 vores hjemmeside findes links til eksterne websteder. Vi indest\u00e5r ikke for kvaliteten og indholdet af det materiale hvortil der fra vores side linkes til. Vi p\u00e5tager os heller ikke ansvaret for (mis)brugen af personlig identificerbare oplysninger p\u00e5 de p\u00e5g\u00e6ldende eksterne websteder.<\/p>\n<p>Vi opfordrer derfor til, at du genneml\u00e6ser persondatapolitikker, fortrolighedserkl\u00e6ringer, juridiske erkl\u00e6ringer etc. n\u00e5r du bes\u00f8ger disse websteder<strong>.<\/strong><\/p>\n<h3>Personoplysninger:<\/h3>\n<p><em><strong>Brug af personoplysninger<\/strong><\/em><\/p>\n<p>Personoplysninger afgives aldrig til tredjepart, med mindre du selv udtrykkeligt giver tilsagn hertil, og vi indsamler aldrig personoplysninger, uden at du selv har givet os disse oplysninger ved registrering, k\u00f8b eller deltagelse i en unders\u00f8gelse m.v. Her indsamles oplysninger om navn, adresse, postnummer, e-mail, k\u00f8n, alder, interesser, holdninger og kendskab til forskellige emner.<br \/>\nPersonoplysninger bruges til at gennemf\u00f8re det k\u00f8b eller den service, som oplysningerne er indsamlet i forbindelse med. Oplysningerne bruges derudover til at f\u00e5 st\u00f8rre kendskab til dig og \u00f8vrige brugere af websitet. Denne brug kan bl.a. omfatte unders\u00f8gelser og analyser, der er rettet mod en forbedring af vore produkter, tjenester og teknologier, samt visning af indhold og reklamer, der er tilpasset dine interesser og hobbyer.<\/p>\n<p><em><strong>Kontakt vedr. personoplysninger<\/strong><\/em><\/p>\n<p>Hvis du \u00f8nsker adgang til de oplysninger, som er registreret om dig hos\u00a0<strong>Staufeldt<\/strong>\u00a0<b>APS<\/b>, skal du rette henvendelse p\u00e5<strong>\u00a0info@staufeldt.dk<\/strong>\u00a0eller telefon:\u00a0<strong>26 12 65 91<\/strong>. Er der registreret forkerte data, eller har du andre indsigelser, kan du rette henvendelse samme sted. Du har mulighed for at f\u00e5 indsigt i, hvilke informationer der er registreret om dig, og du kan g\u00f8re indsigelse mod en registrering i henhold til reglerne i Persondataloven.<\/p>\n<p><em><strong>Beskyttelse af personoplysninger<\/strong><\/em><\/p>\n<p>If\u00f8lge persondataloven skal dine personlige oplysninger opbevares sikkert og fortroligt. Vi gemmer dine personlige oplysninger p\u00e5 computere med begr\u00e6nset adgang, som er placeret i kontrollerede faciliteter, og vores sikkerhedsforanstaltninger kontrolleres l\u00f8bende for at afg\u00f8re, om vores brugeroplysninger h\u00e5ndteres forsvarligt, og under stadig hensyntagen til dine rettigheder som bruger. Vi kan dog ikke garantere 100 procent sikkerhed ved dataoverf\u00f8rsler via internettet. Det betyder, at der kan v\u00e6re en risiko for, at andre uberettiget tiltvinger sig adgang til oplysninger, n\u00e5r data sendes og opbevares elektronisk. Du afgiver s\u00e5ledes dine personlige oplysninger p\u00e5 eget ansvar.<\/p>\n<p>Personoplysninger slettes eller anonymiseres l\u00f8bende efterh\u00e5nden som det form\u00e5l, de blev indsamlet til, afsluttes. Personoplysninger gemmes h\u00f8jst i 12 m\u00e5neder efter brug.<\/p>\n<p>Den hurtige udvikling af internettet betyder, at \u00e6ndringer i vores behandling af personoplysninger kan blive n\u00f8dvendige. Vi forbeholder os derfor ret til at opdatere og \u00e6ndre n\u00e6rv\u00e6rende retningslinjer for behandling af personoplysninger. G\u00f8r vi det, retter vi selvf\u00f8lgeligt datoen for \u201csidst opdateret\u201d nederst p\u00e5 siden. I tilf\u00e6lde af v\u00e6sentlige \u00e6ndringer giver vi dig besked i form af en synlig meddelelse p\u00e5 vores websites.<\/p>\n<p>I det omfang, der behandles personoplysninger om dig, har du if\u00f8lge persondataloven ret til at f\u00e5 oplyst, hvilke personoplysninger, der kan henf\u00f8res til dig. S\u00e5fremt det viser sig, at de oplysninger eller data, der behandles om dig, er urigtige eller vildledende, har du ret til at kr\u00e6ve disse berigtiget, slettet eller blokeret. Du kan til enhver tid g\u00f8re indsigelse mod, at oplysninger om dig g\u00f8res til genstand for behandling. Du kan ogs\u00e5 til enhver tid tilbagekalde dit samtykke. Du har mulighed for at klage over behandlingen af oplysninger og data vedr\u00f8rende dig. Klage indgives til Datatilsynet, jf. persondatalovens \u00a7 58, stk. 1.<\/p>","protected":false},"excerpt":{"rendered":"<p>Ejeroplysninger Dette website udbydes af: Staufeldt APS Slotsvej 26 2920 Charlottenlund Telefon: 26 12 65 91 Email: info@staufeldt.dk Cookies En cookie er en tekstfil, som l\u00e6gges p\u00e5 din computer eller andet IT udstyr. Den g\u00f8r det muligt at genkende din computer og samle information om, hvilke sider og funktioner, der bes\u00f8ges med din computer. Cookies [&#8230;]<\/p>\n<p><a class=\"btn btn-secondary understrap-read-more-link\" href=\"https:\/\/staufeldt.dk\/en\/cookie-politik\/\">L\u00e6s mere&#8230;<\/a><\/p>\n","protected":false},"author":1,"featured_media":0,"parent":0,"menu_order":0,"comment_status":"closed","ping_status":"closed","template":"","meta":{"_acf_changed":false,"footnotes":""},"class_list":["post-220","page","type-page","status-publish","hentry"],"acf":[],"yoast_head":"<!-- This site is optimized with the Yoast SEO plugin v27.4 - https:\/\/yoast.com\/product\/yoast-seo-wordpress\/ -->\n<title>Cookie politik - Staufeldt<\/title>\n<meta name=\"robots\" content=\"index, follow, max-snippet:-1, max-image-preview:large, max-video-preview:-1\" \/>\n<link rel=\"canonical\" href=\"https:\/\/staufeldt.dk\/cookie-politik\/\" \/>\n<meta property=\"og:locale\" content=\"en_US\" \/>\n<meta property=\"og:type\" content=\"article\" \/>\n<meta property=\"og:title\" content=\"Cookie politik - Staufeldt\" \/>\n<meta property=\"og:description\" content=\"Ejeroplysninger Dette website udbydes af: Staufeldt APS Slotsvej 26 2920 Charlottenlund Telefon: 26 12 65 91 Email: info@staufeldt.dk Cookies En cookie er en tekstfil, som l\u00e6gges p\u00e5 din computer eller andet IT udstyr. Den g\u00f8r det muligt at genkende din computer og samle information om, hvilke sider og funktioner, der bes\u00f8ges med din computer. Cookies [...]L\u00e6s mere...\" \/>\n<meta property=\"og:url\" content=\"https:\/\/staufeldt.dk\/cookie-politik\/\" \/>\n<meta property=\"og:site_name\" content=\"Staufeldt\" \/>\n<meta property=\"article:modified_time\" content=\"2020-03-20T08:28:24+00:00\" \/>\n<meta name=\"twitter:card\" content=\"summary_large_image\" \/>\n<meta name=\"twitter:label1\" content=\"Est. reading time\" \/>\n\t<meta name=\"twitter:data1\" content=\"10 minutes\" \/>\n<script type=\"application\/ld+json\" class=\"yoast-schema-graph\">{\"@context\":\"https:\\\/\\\/schema.org\",\"@graph\":[{\"@type\":\"WebPage\",\"@id\":\"https:\\\/\\\/staufeldt.dk\\\/cookie-politik\\\/\",\"url\":\"https:\\\/\\\/staufeldt.dk\\\/cookie-politik\\\/\",\"name\":\"Cookie politik - Staufeldt\",\"isPartOf\":{\"@id\":\"https:\\\/\\\/staufeldt.dk\\\/en\\\/#website\"},\"datePublished\":\"2018-05-17T10:00:05+00:00\",\"dateModified\":\"2020-03-20T08:28:24+00:00\",\"breadcrumb\":{\"@id\":\"https:\\\/\\\/staufeldt.dk\\\/cookie-politik\\\/#breadcrumb\"},\"inLanguage\":\"en-US\",\"potentialAction\":[{\"@type\":\"ReadAction\",\"target\":[\"https:\\\/\\\/staufeldt.dk\\\/cookie-politik\\\/\"]}]},{\"@type\":\"BreadcrumbList\",\"@id\":\"https:\\\/\\\/staufeldt.dk\\\/cookie-politik\\\/#breadcrumb\",\"itemListElement\":[{\"@type\":\"ListItem\",\"position\":1,\"name\":\"Hjem\",\"item\":\"https:\\\/\\\/staufeldt.dk\\\/\"},{\"@type\":\"ListItem\",\"position\":2,\"name\":\"Cookie politik\"}]},{\"@type\":\"WebSite\",\"@id\":\"https:\\\/\\\/staufeldt.dk\\\/en\\\/#website\",\"url\":\"https:\\\/\\\/staufeldt.dk\\\/en\\\/\",\"name\":\"Staufeldt\",\"description\":\"Travel Retail\",\"potentialAction\":[{\"@type\":\"SearchAction\",\"target\":{\"@type\":\"EntryPoint\",\"urlTemplate\":\"https:\\\/\\\/staufeldt.dk\\\/en\\\/?s={search_term_string}\"},\"query-input\":{\"@type\":\"PropertyValueSpecification\",\"valueRequired\":true,\"valueName\":\"search_term_string\"}}],\"inLanguage\":\"en-US\"}]}<\/script>\n<!-- \/ Yoast SEO plugin. -->","yoast_head_json":{"title":"Cookie politik - Staufeldt","robots":{"index":"index","follow":"follow","max-snippet":"max-snippet:-1","max-image-preview":"max-image-preview:large","max-video-preview":"max-video-preview:-1"},"canonical":"https:\/\/staufeldt.dk\/cookie-politik\/","og_locale":"en_US","og_type":"article","og_title":"Cookie politik - Staufeldt","og_description":"Ejeroplysninger Dette website udbydes af: Staufeldt APS Slotsvej 26 2920 Charlottenlund Telefon: 26 12 65 91 Email: info@staufeldt.dk Cookies En cookie er en tekstfil, som l\u00e6gges p\u00e5 din computer eller andet IT udstyr. Den g\u00f8r det muligt at genkende din computer og samle information om, hvilke sider og funktioner, der bes\u00f8ges med din computer. Cookies [...]L\u00e6s mere...","og_url":"https:\/\/staufeldt.dk\/cookie-politik\/","og_site_name":"Staufeldt","article_modified_time":"2020-03-20T08:28:24+00:00","twitter_card":"summary_large_image","twitter_misc":{"Est. reading time":"10 minutes"},"schema":{"@context":"https:\/\/schema.org","@graph":[{"@type":"WebPage","@id":"https:\/\/staufeldt.dk\/cookie-politik\/","url":"https:\/\/staufeldt.dk\/cookie-politik\/","name":"Cookie politik - Staufeldt","isPartOf":{"@id":"https:\/\/staufeldt.dk\/en\/#website"},"datePublished":"2018-05-17T10:00:05+00:00","dateModified":"2020-03-20T08:28:24+00:00","breadcrumb":{"@id":"https:\/\/staufeldt.dk\/cookie-politik\/#breadcrumb"},"inLanguage":"en-US","potentialAction":[{"@type":"ReadAction","target":["https:\/\/staufeldt.dk\/cookie-politik\/"]}]},{"@type":"BreadcrumbList","@id":"https:\/\/staufeldt.dk\/cookie-politik\/#breadcrumb","itemListElement":[{"@type":"ListItem","position":1,"name":"Hjem","item":"https:\/\/staufeldt.dk\/"},{"@type":"ListItem","position":2,"name":"Cookie politik"}]},{"@type":"WebSite","@id":"https:\/\/staufeldt.dk\/en\/#website","url":"https:\/\/staufeldt.dk\/en\/","name":"Staufeldt","description":"Travel Retail","potentialAction":[{"@type":"SearchAction","target":{"@type":"EntryPoint","urlTemplate":"https:\/\/staufeldt.dk\/en\/?s={search_term_string}"},"query-input":{"@type":"PropertyValueSpecification","valueRequired":true,"valueName":"search_term_string"}}],"inLanguage":"en-US"}]}},"_links":{"self":[{"href":"https:\/\/staufeldt.dk\/en\/wp-json\/wp\/v2\/pages\/220","targetHints":{"allow":["GET"]}}],"collection":[{"href":"https:\/\/staufeldt.dk\/en\/wp-json\/wp\/v2\/pages"}],"about":[{"href":"https:\/\/staufeldt.dk\/en\/wp-json\/wp\/v2\/types\/page"}],"author":[{"embeddable":true,"href":"https:\/\/staufeldt.dk\/en\/wp-json\/wp\/v2\/users\/1"}],"replies":[{"embeddable":true,"href":"https:\/\/staufeldt.dk\/en\/wp-json\/wp\/v2\/comments?post=220"}],"version-history":[{"count":5,"href":"https:\/\/staufeldt.dk\/en\/wp-json\/wp\/v2\/pages\/220\/revisions"}],"predecessor-version":[{"id":247,"href":"https:\/\/staufeldt.dk\/en\/wp-json\/wp\/v2\/pages\/220\/revisions\/247"}],"wp:attachment":[{"href":"https:\/\/staufeldt.dk\/en\/wp-json\/wp\/v2\/media?parent=220"}],"curies":[{"name":"wp","href":"https:\/\/api.w.org\/{rel}","templated":true}]}}